{"id":868,"date":"2021-06-09T17:33:16","date_gmt":"2021-06-09T15:33:16","guid":{"rendered":"https:\/\/villa-bol.hr\/?page_id=868"},"modified":"2021-06-11T10:57:12","modified_gmt":"2021-06-11T08:57:12","slug":"poznata-plaza-zlatni-rat","status":"publish","type":"page","link":"https:\/\/villa-bol.hr\/en\/poznata-plaza-zlatni-rat\/","title":{"rendered":"Poznata pla\u017ea Zlatni Rat &#8211; Bol Bra\u010d"},"content":{"rendered":"<div class=\"banner has-hover\" id=\"banner-706963942\">\n          <div class=\"banner-inner fill\">\n        <div class=\"banner-bg fill\" >\n            <div class=\"bg fill bg-fill\"><\/div>\n                                    \n                    <\/div>\n\t\t\n        <div class=\"banner-layers container\">\n            <div class=\"fill banner-link\"><\/div>            \n\n\n        <\/div>\n      <\/div>\n\n            \n<style>\n#banner-706963942 {\n  padding-top: 92%;\n}\n#banner-706963942 .bg.bg-loaded {\n  background-image: url(https:\/\/villa-bol.hr\/wp-content\/uploads\/2021\/06\/zlatniratija.jpg);\n}\n#banner-706963942 .ux-shape-divider--top svg {\n  height: 150px;\n  --divider-top-width: 100%;\n}\n#banner-706963942 .ux-shape-divider--bottom svg {\n  height: 150px;\n  --divider-width: 100%;\n}\n@media (min-width:550px) {\n  #banner-706963942 {\n    padding-top: 39%;\n  }\n}\n<\/style>\n  <\/div>\n\n\n<div class=\"row align-equal align-center\"  id=\"row-162270730\">\n\n\n\t<div id=\"col-372486847\" class=\"col small-12 large-12\"  >\n\t\t\t\t<div class=\"col-inner\"  >\n\t\t\t\n\t\t\t\n\n<h2>ZLATNI RAT<\/h2>\n<p>Nazvana &#8220;zlatnim rogom&#8221; po prepoznatljivom obliku, ova privla\u010dna pla\u017ea udaljena je samo nekoliko koraka od Bola. Zlatno Rat, popularno mjesto za ljubitelje vodenih sportova, savr\u0161eno je mjesto za mjesto surfanja ili ronjenja. Njegov mediteranski borov gaj tako\u0111er nudi priliku da noge istegnete u hladu.<\/p>\n<div>Gdje se nalazi poznata hrvatska pla\u017ea Zlatni Rat?<\/div>\n<div>Pla\u017ea Zlatni Rat ili pla\u017ea Zlatni rog smje\u0161tena je na ju\u017enoj strani otoka Bra\u010da u Dalmaciji. Otok Bra\u010d nalazi se u blizini grada Splita na kopnu i okru\u017een je otocima \u0160olta i Hvar. Pla\u017ea Zlatni rog pripada op\u0107ini gradu Bolu, slikovitom primorskom gradu s jakom turisti\u010dkom tradicijom. Postoji poplo\u010dana morska \u0161etnica duga\u010dka pribli\u017eno 2 kilometra koja povezuje sredi\u0161te grada Bola s pla\u017eom Zlatni rog na zapadnoj strani.<\/div>\n<div>&nbsp;<\/div>\n<div><img decoding=\"async\" class=\"aligncenter wp-image-874 size-full\" src=\"https:\/\/villa-bol.hr\/wp-content\/uploads\/2021\/06\/6.jpg\" alt=\"\" width=\"1920\" height=\"1279\" title=\"\" srcset=\"https:\/\/villa-bol.hr\/wp-content\/uploads\/2021\/06\/6.jpg 1920w, https:\/\/villa-bol.hr\/wp-content\/uploads\/2021\/06\/6-300x200.jpg 300w, https:\/\/villa-bol.hr\/wp-content\/uploads\/2021\/06\/6-1024x682.jpg 1024w, https:\/\/villa-bol.hr\/wp-content\/uploads\/2021\/06\/6-768x512.jpg 768w, https:\/\/villa-bol.hr\/wp-content\/uploads\/2021\/06\/6-1536x1023.jpg 1536w, https:\/\/villa-bol.hr\/wp-content\/uploads\/2021\/06\/6-16x12.jpg 16w\" sizes=\"(max-width: 1920px) 100vw, 1920px\" \/><\/div>\n<div>&nbsp;<\/div>\n<div>Posjetitelji iz cijelog svijeta Hrvati \u010desto odabiru otok Bra\u010d i mali grad Bol za odmor u Hrvatskoj.<\/div>\n<div>&nbsp;<\/div>\n<div>Oblik pla\u017ee od pola kilometra neprestano se mijenja (iako uvijek malo), stvaraju\u0107i najneobi\u010dniji oblik. Zlatni Rat nekoliko je puta progla\u0161en najboljim europskim odredi\u0161tima, a ponekad se naziva pla\u017eom Zlatni rt ili Zlatni rog. Bez obzira kako biste ga \u017eeljeli zvati, redovito ga nazivaju jednom od najboljih hrvatskih pla\u017ea.<\/div>\n<div>&nbsp;<\/div>\n<div><img decoding=\"async\" class=\"aligncenter wp-image-875 size-full\" src=\"https:\/\/villa-bol.hr\/wp-content\/uploads\/2021\/06\/4.jpg\" alt=\"\" width=\"1920\" height=\"1279\" title=\"\" srcset=\"https:\/\/villa-bol.hr\/wp-content\/uploads\/2021\/06\/4.jpg 1920w, https:\/\/villa-bol.hr\/wp-content\/uploads\/2021\/06\/4-300x200.jpg 300w, https:\/\/villa-bol.hr\/wp-content\/uploads\/2021\/06\/4-1024x682.jpg 1024w, https:\/\/villa-bol.hr\/wp-content\/uploads\/2021\/06\/4-768x512.jpg 768w, https:\/\/villa-bol.hr\/wp-content\/uploads\/2021\/06\/4-1536x1023.jpg 1536w, https:\/\/villa-bol.hr\/wp-content\/uploads\/2021\/06\/4-16x12.jpg 16w\" sizes=\"(max-width: 1920px) 100vw, 1920px\" \/><\/div>\n<div>&nbsp;<\/div>\n<div>U Bolu smo u\u017eivali u obiteljskom bijegu i na pla\u017eu Zlatni Rat stigli smo 30-ak minuta prije zalaska sunca. Nismo mogli savr\u0161enije tempirati svoj dolazak. Nas troje, na\u0161 lokalni vodi\u010d i par bili smo te ve\u010deri zauzeli ogromnu pla\u017eu u obliku slova V.<\/div>\n<div>\n<div>Pla\u017ea Zlatni rat ili Zlatni rog u Hrvatskoj jedan je od najpriznatijih simbola jadranske obale i hrvatskog turizma.<\/div>\n<div>&nbsp;<\/div>\n<div>Pla\u017ea Zlatni Rat \u010desto osvaja prva mjesta na natjecanju za najbolju europsku pla\u017eu i nalazi se na bilo kojoj listi najljep\u0161ih pla\u017ea na svijetu. Na kraju, u prosincu 2018. godine pla\u017ea Golden Horn progla\u0161ena je tre\u0107om najboljom pla\u017eom u Europi od strane Daily Maila u Velikoj Britaniji.<\/div>\n<\/div>\n<div>&nbsp;<\/div>\n<div><img decoding=\"async\" class=\"alignnone wp-image-876 size-full\" src=\"https:\/\/villa-bol.hr\/wp-content\/uploads\/2021\/06\/5.jpg\" alt=\"\" width=\"1920\" height=\"1279\" title=\"\" srcset=\"https:\/\/villa-bol.hr\/wp-content\/uploads\/2021\/06\/5.jpg 1920w, https:\/\/villa-bol.hr\/wp-content\/uploads\/2021\/06\/5-300x200.jpg 300w, https:\/\/villa-bol.hr\/wp-content\/uploads\/2021\/06\/5-1024x682.jpg 1024w, https:\/\/villa-bol.hr\/wp-content\/uploads\/2021\/06\/5-768x512.jpg 768w, https:\/\/villa-bol.hr\/wp-content\/uploads\/2021\/06\/5-1536x1023.jpg 1536w, https:\/\/villa-bol.hr\/wp-content\/uploads\/2021\/06\/5-16x12.jpg 16w\" sizes=\"(max-width: 1920px) 100vw, 1920px\" \/><\/div>\n\n\t\t<\/div>\n\t\t\t\t\t<\/div>\n\n\t\n\n<\/div>","protected":false},"excerpt":{"rendered":"","protected":false},"author":1,"featured_media":0,"parent":0,"menu_order":0,"comment_status":"closed","ping_status":"closed","template":"page-transparent-header.php","meta":{"footnotes":""},"class_list":["post-868","page","type-page","status-publish","hentry"],"_links":{"self":[{"href":"https:\/\/villa-bol.hr\/en\/wp-json\/wp\/v2\/pages\/868","targetHints":{"allow":["GET"]}}],"collection":[{"href":"https:\/\/villa-bol.hr\/en\/wp-json\/wp\/v2\/pages"}],"about":[{"href":"https:\/\/villa-bol.hr\/en\/wp-json\/wp\/v2\/types\/page"}],"author":[{"embeddable":true,"href":"https:\/\/villa-bol.hr\/en\/wp-json\/wp\/v2\/users\/1"}],"replies":[{"embeddable":true,"href":"https:\/\/villa-bol.hr\/en\/wp-json\/wp\/v2\/comments?post=868"}],"version-history":[{"count":0,"href":"https:\/\/villa-bol.hr\/en\/wp-json\/wp\/v2\/pages\/868\/revisions"}],"wp:attachment":[{"href":"https:\/\/villa-bol.hr\/en\/wp-json\/wp\/v2\/media?parent=868"}],"curies":[{"name":"wp","href":"https:\/\/api.w.org\/{rel}","templated":true}]}}