{"id":882,"date":"2021-06-09T18:28:47","date_gmt":"2021-06-09T16:28:47","guid":{"rendered":"https:\/\/villa-bol.hr\/?page_id=882"},"modified":"2024-04-02T21:20:32","modified_gmt":"2024-04-02T19:20:32","slug":"lokalni-proizvodi","status":"publish","type":"page","link":"https:\/\/villa-bol.hr\/en\/lokalni-proizvodi\/","title":{"rendered":"Lokalni proizvodi &#8211; Bol na Bra\u010du"},"content":{"rendered":"<div class=\"banner has-hover\" id=\"banner-978776949\">\n          <div class=\"banner-inner fill\">\n        <div class=\"banner-bg fill\" >\n            <div class=\"bg fill bg-fill\"><\/div>\n                                    \n                    <\/div>\n\t\t\n        <div class=\"banner-layers container\">\n            <div class=\"fill banner-link\"><\/div>            \n\n   <div id=\"text-box-237571374\" class=\"text-box banner-layer x50 md-x50 lg-x50 y90 md-y50 lg-y50 res-text\">\n                                <div class=\"text-box-content text dark text-shadow-5\">\n              \n              <div class=\"text-inner text-center\">\n                  \n\n<h2>Lokalni doma\u0107i proizvodi otoka Bra\u010da<\/h2>\n\n              <\/div>\n           <\/div>\n                            \n<style>\n#text-box-237571374 {\n  width: 60%;\n}\n#text-box-237571374 .text-box-content {\n  font-size: 100%;\n}\n<\/style>\n    <\/div>\n \n\n        <\/div>\n      <\/div>\n\n            \n<style>\n#banner-978776949 {\n  padding-top: 92%;\n}\n#banner-978776949 .bg.bg-loaded {\n  background-image: url(https:\/\/villa-bol.hr\/wp-content\/uploads\/2021\/06\/7.jpg);\n}\n#banner-978776949 .ux-shape-divider--top svg {\n  height: 150px;\n  --divider-top-width: 100%;\n}\n#banner-978776949 .ux-shape-divider--bottom svg {\n  height: 150px;\n  --divider-width: 100%;\n}\n@media (min-width:550px) {\n  #banner-978776949 {\n    padding-top: 39%;\n  }\n}\n<\/style>\n  <\/div>\n\n\n<div class=\"row align-equal align-center\"  id=\"row-1434573616\">\n\n\n\t<div id=\"col-1389945397\" class=\"col small-12 large-12\"  >\n\t\t\t\t<div class=\"col-inner\"  >\n\t\t\t\n\t\t\t\n\n<h2>Posjetite muzej maslinovog ulja<\/h2>\n<p>U Skripu je 2014. otvoren muzej u zgradi u kojoj se nalazila uljara. Zgrada je obnovljena i danas se posjetitelje vodi kroz dio povijesti.<\/p>\n<p>Mlin je po\u010deo s radom 1860-ih, a sada obiteljska tvrtka omogu\u0107ava gostima da besplatno do\u0111u vidjeti mlin i ku\u0161aonicu, zajedno s mnogim alatima i demonstracijama kako je sve to funkcioniralo.<\/p>\n<p>Ulje, ocat, d\u017eemove i jo\u0161 vi\u0161e mo\u017eete kupiti izravno od obitelji zbog njihovih napora.<\/p>\n<p id=\"tw-target-text\" class=\"tw-data-text tw-text-large XcVN5d tw-ta\" dir=\"ltr\" data-placeholder=\"Translation\"><span class=\"Y2IQFc\" lang=\"hr\">U Bolu mo\u017eete u\u017eivati \u200b\u200bu tradicionalnoj dalmatinskoj kuhinji koja je dio mediteranske kuhinje. Tradicionalna dalmatinska jela bogata su biljem poput ru\u017emarina, kadulje, origana, maj\u010dine du\u0161ice i bosiljka. Velika je upotreba ekstra djevi\u010danskog maslinovog ulja i \u010de\u0161njaka. Bra\u010d je poput mnogih drugih dalmatinskih otoka poznat po uzgoju maslinovog ulja, vina i <a href=\"https:\/\/pereglin.com\/\" rel=\"nofollow noopener\" target=\"_blank\">za\u010dinskog bilja<\/a>, a mo\u017eete ih kupiti u centru grada. Najpoznatija jela pripremaju se s janje\u0107im mesom, ribom i \u0161koljkama. Neka od tradicionalnih jela koja vam preporu\u010dujemo da probate su: dalmatinska dimljena \u0161unka, masline i otoci poznati kozji sir kao predjelo, crni ri\u017eoto, dalmatinska pa\u0161ticada (pirjana junetina u vinu sa suhim \u0161ljivama i povr\u0107em) ili riba s povr\u0107em s ro\u0161tilja. Bol je tako\u0111er poznat po staroj vinariji i vinskom podrumu te vinima s osvojenim medaljama poput Stine Po\u0161ip i Stina Plavac. Tako\u0111er vam preporu\u010dujemo da probate Pro\u0161ek, nektar slatko vino.<\/span><\/p>\n<p><img decoding=\"async\" class=\"aligncenter wp-image-890 size-full\" src=\"https:\/\/villa-bol.hr\/wp-content\/uploads\/2021\/06\/8-1.jpg\" alt=\"\" width=\"1920\" height=\"1279\" title=\"\" srcset=\"https:\/\/villa-bol.hr\/wp-content\/uploads\/2021\/06\/8-1.jpg 1920w, https:\/\/villa-bol.hr\/wp-content\/uploads\/2021\/06\/8-1-300x200.jpg 300w, https:\/\/villa-bol.hr\/wp-content\/uploads\/2021\/06\/8-1-1024x682.jpg 1024w, https:\/\/villa-bol.hr\/wp-content\/uploads\/2021\/06\/8-1-768x512.jpg 768w, https:\/\/villa-bol.hr\/wp-content\/uploads\/2021\/06\/8-1-1536x1023.jpg 1536w, https:\/\/villa-bol.hr\/wp-content\/uploads\/2021\/06\/8-1-16x12.jpg 16w\" sizes=\"(max-width: 1920px) 100vw, 1920px\" \/><\/p>\n<p id=\"tw-target-text\" class=\"tw-data-text tw-text-large XcVN5d tw-ta\" dir=\"ltr\" data-placeholder=\"Translation\"><span class=\"Y2IQFc\" lang=\"hr\">Vinarija Stina otvorena je 2009. godine kada je Jako Vino, lokalni vinogradar, unajmio zgradu od Zemljoradni\u010dke zadruge Bol. Vinarija se nalazi na samoj obali mora, na samoj rivi, bolskoj \u0161etnici. Smje\u0161teno je u povijesnoj zgradi grada, kao \u0161to jo\u0161 uvijek stoji natpis na pro\u010delju zgrade: &#8220;Prva dalmatinska vinska zadruga&#8221;. Vinska zadruga osnovana je 1901., a ova zgrada sagra\u0111ena je 1903. Zanimljiva je \u010dinjenica da su u prizemlju bili vinogradarski objekti, dok je na katu bila osnovna \u0161kola. Hm, djeca i alkohol, nisam siguran kako bi to danas pro\u0161lo. Vinarija Stina Bol Hrvatska Vinarija Stina smje\u0161tena je u zgradi prve dalmatinske vinske zadruge Vinarija Stina danas zauzima prizemlje. Vinarija se sastoji od objekata za proizvodnju vina, vinskog podruma i elegantne ku\u0161aonice vina.<\/span><\/p>\n<p dir=\"ltr\" data-placeholder=\"Translation\"><img decoding=\"async\" class=\"aligncenter wp-image-891 size-full\" src=\"https:\/\/villa-bol.hr\/wp-content\/uploads\/2021\/06\/9.jpg\" alt=\"\" width=\"1920\" height=\"1279\" title=\"\" srcset=\"https:\/\/villa-bol.hr\/wp-content\/uploads\/2021\/06\/9.jpg 1920w, https:\/\/villa-bol.hr\/wp-content\/uploads\/2021\/06\/9-300x200.jpg 300w, https:\/\/villa-bol.hr\/wp-content\/uploads\/2021\/06\/9-1024x682.jpg 1024w, https:\/\/villa-bol.hr\/wp-content\/uploads\/2021\/06\/9-768x512.jpg 768w, https:\/\/villa-bol.hr\/wp-content\/uploads\/2021\/06\/9-1536x1023.jpg 1536w, https:\/\/villa-bol.hr\/wp-content\/uploads\/2021\/06\/9-16x12.jpg 16w\" sizes=\"(max-width: 1920px) 100vw, 1920px\" \/><\/p>\n<p dir=\"ltr\" data-placeholder=\"Translation\">\u00a0<\/p>\n<p class=\"tw-data-text tw-text-large XcVN5d tw-ta\" dir=\"ltr\" data-placeholder=\"Translation\"><span class=\"Y2IQFc\" lang=\"hr\">Po dolasku imamo obilazak proizvodne prostorije iza kulisa, te vinski podrum s kratkim uvodom u vina Stina i postupak proizvodnje vina. Vinarija je u potpunosti obnovljena i opremljena najsuvremenijom mehanizacijom. Ali duh stare vinarije dobro je o\u010duvan. Kameni zidovi i strop od opeke isti su kao 1903. godine, a izvorni kameni odvodni kanali na podu izlo\u017eeni su i prekriveni staklom. O\u010duvana ogromna betonska ba\u010dva, zapremine 68.100 litara, podsje\u0107a i na neka druga vremena. Vinarija Stina Bol Hrvatska Vinarija Stina Bol Hrvatska Ku\u0161aonica vina je moderna, s elegantnim interijerom, vrlo duga\u010dkim \u0161ankom, prostorom za sjedenje i blistavim svjetlima. Lijepa izlo\u017eba vina iza \u0161anka ima boce poredane u takvom redoslijedu da glasi Stina, robna marka Jako Vino.<\/span><\/p>\n<p dir=\"ltr\" data-placeholder=\"Translation\"><img decoding=\"async\" class=\"aligncenter wp-image-892 size-full\" src=\"https:\/\/villa-bol.hr\/wp-content\/uploads\/2021\/06\/10.jpg\" alt=\"\" width=\"1920\" height=\"1279\" title=\"\" srcset=\"https:\/\/villa-bol.hr\/wp-content\/uploads\/2021\/06\/10.jpg 1920w, https:\/\/villa-bol.hr\/wp-content\/uploads\/2021\/06\/10-300x200.jpg 300w, https:\/\/villa-bol.hr\/wp-content\/uploads\/2021\/06\/10-1024x682.jpg 1024w, https:\/\/villa-bol.hr\/wp-content\/uploads\/2021\/06\/10-768x512.jpg 768w, https:\/\/villa-bol.hr\/wp-content\/uploads\/2021\/06\/10-1536x1023.jpg 1536w, https:\/\/villa-bol.hr\/wp-content\/uploads\/2021\/06\/10-16x12.jpg 16w\" sizes=\"(max-width: 1920px) 100vw, 1920px\" \/><\/p>\n<p>https:\/\/bestofbrac.com\/brac-offer\/stina-winery\/<\/p>\n<p dir=\"ltr\" data-placeholder=\"Translation\">\u00a0<\/p>\n\n\t\t<\/div>\n\t\t\t\t\t<\/div>\n\n\t\n\n<\/div>","protected":false},"excerpt":{"rendered":"","protected":false},"author":1,"featured_media":0,"parent":0,"menu_order":0,"comment_status":"closed","ping_status":"closed","template":"page-transparent-header.php","meta":{"footnotes":""},"class_list":["post-882","page","type-page","status-publish","hentry"],"_links":{"self":[{"href":"https:\/\/villa-bol.hr\/en\/wp-json\/wp\/v2\/pages\/882","targetHints":{"allow":["GET"]}}],"collection":[{"href":"https:\/\/villa-bol.hr\/en\/wp-json\/wp\/v2\/pages"}],"about":[{"href":"https:\/\/villa-bol.hr\/en\/wp-json\/wp\/v2\/types\/page"}],"author":[{"embeddable":true,"href":"https:\/\/villa-bol.hr\/en\/wp-json\/wp\/v2\/users\/1"}],"replies":[{"embeddable":true,"href":"https:\/\/villa-bol.hr\/en\/wp-json\/wp\/v2\/comments?post=882"}],"version-history":[{"count":0,"href":"https:\/\/villa-bol.hr\/en\/wp-json\/wp\/v2\/pages\/882\/revisions"}],"wp:attachment":[{"href":"https:\/\/villa-bol.hr\/en\/wp-json\/wp\/v2\/media?parent=882"}],"curies":[{"name":"wp","href":"https:\/\/api.w.org\/{rel}","templated":true}]}}