{"id":895,"date":"2021-06-09T18:55:50","date_gmt":"2021-06-09T16:55:50","guid":{"rendered":"https:\/\/villa-bol.hr\/?page_id=895"},"modified":"2021-06-11T10:52:04","modified_gmt":"2021-06-11T08:52:04","slug":"istrazite-skrivene-kutke-otoka-braca","status":"publish","type":"page","link":"https:\/\/villa-bol.hr\/en\/istrazite-skrivene-kutke-otoka-braca\/","title":{"rendered":"Istra\u017eite skrivene kutke otoka Bra\u010da"},"content":{"rendered":"<div class=\"banner has-hover\" id=\"banner-684326356\">\n          <div class=\"banner-inner fill\">\n        <div class=\"banner-bg fill\" >\n            <div class=\"bg fill bg-fill\"><\/div>\n                                    \n                    <\/div>\n\t\t\n        <div class=\"banner-layers container\">\n            <div class=\"fill banner-link\"><\/div>            \n\n   <div id=\"text-box-1596688405\" class=\"text-box banner-layer x50 md-x50 lg-x50 y70 md-y70 lg-y70 res-text\">\n                                <div class=\"text-box-content text dark text-shadow-5\">\n              \n              <div class=\"text-inner text-center\">\n                  \n\n<h3 class=\"uppercase\"><strong>ISTRA\u017dITE SKRIVENE KUTKE OTOKA BRA\u010cA<\/strong><\/h3>\n\n              <\/div>\n           <\/div>\n                            \n<style>\n#text-box-1596688405 {\n  width: 79%;\n}\n#text-box-1596688405 .text-box-content {\n  font-size: 100%;\n}\n<\/style>\n    <\/div>\n \n\n        <\/div>\n      <\/div>\n\n            \n<style>\n#banner-684326356 {\n  padding-top: 99.99%;\n}\n#banner-684326356 .bg.bg-loaded {\n  background-image: url(https:\/\/villa-bol.hr\/wp-content\/uploads\/2021\/06\/asdfaUA-1024x682.jpg);\n}\n#banner-684326356 .bg {\n  background-position: 77% 0%;\n}\n#banner-684326356 .ux-shape-divider--top svg {\n  height: 150px;\n  --divider-top-width: 100%;\n}\n#banner-684326356 .ux-shape-divider--bottom svg {\n  height: 150px;\n  --divider-width: 100%;\n}\n@media (min-width:550px) {\n  #banner-684326356 {\n    padding-top: 38%;\n  }\n}\n<\/style>\n  <\/div>\n\n\n<div class=\"row align-equal align-center\"  id=\"row-1473830315\">\n\n\n\t<div id=\"col-1128139903\" class=\"col small-12 large-12\"  >\n\t\t\t\t<div class=\"col-inner\"  >\n\t\t\t\n\t\t\t\n\n<h2>Samostan Blaca<\/h2>\n<p><span class=\"Y2IQFc\" lang=\"hr\">Po\u010detkom 16. stolje\u0107a dvojica redovnika glagolja\u0161a pobjegla su pred Turcima i ponu\u0111ena im je za\u0161tita i skloni\u0161te u \u0161pilji u Bolu. Nakon \u0161to su dobili vlasni\u010dki list, ovi redovnici-osniva\u010di sagradili su crkvu koja okru\u017euje \u0161pilju i ro\u0111en je samostan Blaca koji pada u vilice. Sada muzej, samostan ima na desetke predmeta koji otvaraju o\u010di, uklju\u010duju\u0107i 8.000 knjiga, od kojih su mnoge napisane glagoljicom. Svakako se odlu\u010dite za obilazak s vodi\u010dem i pokazat \u0107e vam se mnogi eksponati, me\u0111u kojima su slike, oklop, glasovir te\u017eak 400 kilograma i teleskop. Oni su nabavljeni pla\u0107anjem u obliku vina, maslinovog ulja i meda s farme samostana, brodovima iz Italije i Be\u010da dopremljeni u Blacu, a radnici su ih nosili uz planinu.<\/span><\/p>\n<p><img decoding=\"async\" class=\"aligncenter wp-image-903 size-full\" src=\"https:\/\/villa-bol.hr\/wp-content\/uploads\/2021\/06\/11.jpg\" alt=\"\" width=\"1920\" height=\"1279\" title=\"\" srcset=\"https:\/\/villa-bol.hr\/wp-content\/uploads\/2021\/06\/11.jpg 1920w, https:\/\/villa-bol.hr\/wp-content\/uploads\/2021\/06\/11-300x200.jpg 300w, https:\/\/villa-bol.hr\/wp-content\/uploads\/2021\/06\/11-1024x682.jpg 1024w, https:\/\/villa-bol.hr\/wp-content\/uploads\/2021\/06\/11-768x512.jpg 768w, https:\/\/villa-bol.hr\/wp-content\/uploads\/2021\/06\/11-1536x1023.jpg 1536w, https:\/\/villa-bol.hr\/wp-content\/uploads\/2021\/06\/11-16x12.jpg 16w\" sizes=\"(max-width: 1920px) 100vw, 1920px\" \/><\/p>\n<h2>Zmajeva \u0161pilja<\/h2>\n<p id=\"tw-target-text\" class=\"tw-data-text tw-text-large XcVN5d tw-ta\" dir=\"ltr\" data-placeholder=\"Translation\"><span class=\"Y2IQFc\" lang=\"hr\">Zmajeva \u0161pilja, jedan je od \u010detiri samostana u Bolu, a postoje neke teorije o njezinoj starosti i izvornoj namjeni. Na\u0161 vodi\u010d rekao nam je da mnogi vjeruju da \u0161pilja datira jo\u0161 iz 4. stolje\u0107a, ali ve\u0107ina tvrdi da je iz 15. stolje\u0107a. Izaberite izme\u0111u ovih osporavaju\u0107ih teorija tijekom posjeta Zmajevoj \u0161pilji &#8211; ture zapo\u010dinju u gradu i potrebno je pje\u0161a\u010denje od 1,5 sata po prili\u010dno strmim terenima s pogledom na more. Ne za one slaba srca ili nesposobne, ali nesumnjivo pogodne za one koji se zanimaju za drevnu slavensku povijest i teorije zavjere. Pa\u017eljivo prou\u010dite rezbarija s va\u0161e lijeve strane i provjerite mo\u017eete li uo\u010diti gdje jedna teorija sugerira da je izvorno rezbarenje promijenjeno stotinama godina kasnije.<\/span><\/p>\n<h2 dir=\"ltr\" data-placeholder=\"Translation\">Pogled s Vidove gore<\/h2>\n<p id=\"tw-target-text\" class=\"tw-data-text tw-text-large XcVN5d tw-ta\" dir=\"ltr\" data-placeholder=\"Translation\"><span class=\"Y2IQFc\" lang=\"hr\">Jedna od najboljih stvari na Bra\u010du je pogled s Vidove gore. Vidikovac je bez sumnje mjesto za dramati\u010dne poglede na otok Bra\u010d i \u0161ire. To je najvi\u0161a to\u010dka ne samo na Bra\u010du ve\u0107 i na svim jadranskim otocima. Vrh je visok 778 metara kojim se mo\u017eete popeti na vrh, ali ako je prevru\u0107e ili jednostavno niste penja\u010d, \u200b\u200bna vrh se tako\u0111er mo\u017ee do\u0107i automobilom. S vidikovca \u0107ete vidjeti preko Zlatnog Rata (najbolji pogled na pla\u017eu), do Hvara, zapanjuju\u0107e plavih voda Jadranskog mora, a ako je vedar dan, mo\u017eda \u0107ete vidjeti i Italiju.<\/span><\/p>\n<p dir=\"ltr\" data-placeholder=\"Translation\"><img decoding=\"async\" class=\"alignnone wp-image-904 size-full\" src=\"https:\/\/villa-bol.hr\/wp-content\/uploads\/2021\/06\/12.jpg\" alt=\"\" width=\"1920\" height=\"1279\" title=\"\" srcset=\"https:\/\/villa-bol.hr\/wp-content\/uploads\/2021\/06\/12.jpg 1920w, https:\/\/villa-bol.hr\/wp-content\/uploads\/2021\/06\/12-300x200.jpg 300w, https:\/\/villa-bol.hr\/wp-content\/uploads\/2021\/06\/12-1024x682.jpg 1024w, https:\/\/villa-bol.hr\/wp-content\/uploads\/2021\/06\/12-768x512.jpg 768w, https:\/\/villa-bol.hr\/wp-content\/uploads\/2021\/06\/12-1536x1023.jpg 1536w, https:\/\/villa-bol.hr\/wp-content\/uploads\/2021\/06\/12-16x12.jpg 16w\" sizes=\"(max-width: 1920px) 100vw, 1920px\" \/><\/p>\n<h2 dir=\"ltr\" data-placeholder=\"Translation\">Windsurfing<\/h2>\n<p id=\"tw-target-text\" class=\"tw-data-text tw-text-large XcVN5d tw-ta\" dir=\"ltr\" data-placeholder=\"Translation\"><span class=\"Y2IQFc\" lang=\"hr\">Na mnogim hrvatskim otocima mo\u017eete surfati, roniti ili se oku\u0161ati u stand-up veslanju (SUP) &#8211; ali Bol ima posebne mo\u0107i na ovom dijelu Dalmatinske obale. Maestralni vjetrovi koji pu\u0161u du\u017e ju\u017enog dijela otoka Bra\u010da pru\u017eaju savr\u0161ene uvjete za one koji \u017eele vjetar i surfanje. I iskusni windsurferi ili oni koji \u017eele po\u010deti trebali bi posjetiti tim na Zoo-kolodvoru (hvala na fotografijama, momci) za najam opreme i satove jedrenja na dasci u Bolu. Za najam kajaka i SUP-a obratite se tvrtki Big Blue Sports, koja iznajmljuje opremu na lako dostupnom mjestu. Windsurfing je samo jedna od mnogih zabavnih stvari koje djeca trebaju raditi u Hrvatskoj, a koje preporu\u010dujemo.<\/span><\/p>\n<p dir=\"ltr\" data-placeholder=\"Translation\"><img decoding=\"async\" class=\"aligncenter wp-image-905 size-full\" src=\"https:\/\/villa-bol.hr\/wp-content\/uploads\/2021\/06\/13.jpg\" alt=\"\" width=\"1920\" height=\"1279\" title=\"\" srcset=\"https:\/\/villa-bol.hr\/wp-content\/uploads\/2021\/06\/13.jpg 1920w, https:\/\/villa-bol.hr\/wp-content\/uploads\/2021\/06\/13-300x200.jpg 300w, https:\/\/villa-bol.hr\/wp-content\/uploads\/2021\/06\/13-1024x682.jpg 1024w, https:\/\/villa-bol.hr\/wp-content\/uploads\/2021\/06\/13-768x512.jpg 768w, https:\/\/villa-bol.hr\/wp-content\/uploads\/2021\/06\/13-1536x1023.jpg 1536w, https:\/\/villa-bol.hr\/wp-content\/uploads\/2021\/06\/13-16x12.jpg 16w\" sizes=\"(max-width: 1920px) 100vw, 1920px\" \/><\/p>\n<h2 dir=\"ltr\" data-placeholder=\"Translation\">Crkve<\/h2>\n<p id=\"tw-target-text\" class=\"tw-data-text tw-text-large XcVN5d tw-ta\" dir=\"ltr\" data-placeholder=\"Translation\"><span class=\"Y2IQFc\" lang=\"hr\">U Bolu se mo\u017eete diviti nekoliko crkava. Najpoznatija je goti\u010dko-renesansna crkva Gospe od Milosti iz 15. stolje\u0107a. Na oltaru stoji renesansna slika Madone i Djeteta sa svetima, koju je naslikao poznati Jacopo Tintoretto. Oltarna slika restaurirana je 2003. godine u Hrvatskom restauratorskom zavodu i imao sam sre\u0107u vidjeti sliku u ekskluzivnom privatnom razgledu po\u010detkom ove godine. Ponovno otvoren za javnost, ohrabrio bih vas da posjetite kako biste cijenili ovaj zamr\u0161eni portretni krupni plan.<\/span><\/p>\n<p dir=\"ltr\" data-placeholder=\"Translation\"><img decoding=\"async\" class=\"aligncenter wp-image-906 size-full\" src=\"https:\/\/villa-bol.hr\/wp-content\/uploads\/2021\/06\/villa-AQUA-1.jpg\" alt=\"\" width=\"1920\" height=\"1279\" title=\"\" srcset=\"https:\/\/villa-bol.hr\/wp-content\/uploads\/2021\/06\/villa-AQUA-1.jpg 1920w, https:\/\/villa-bol.hr\/wp-content\/uploads\/2021\/06\/villa-AQUA-1-300x200.jpg 300w, https:\/\/villa-bol.hr\/wp-content\/uploads\/2021\/06\/villa-AQUA-1-1024x682.jpg 1024w, https:\/\/villa-bol.hr\/wp-content\/uploads\/2021\/06\/villa-AQUA-1-768x512.jpg 768w, https:\/\/villa-bol.hr\/wp-content\/uploads\/2021\/06\/villa-AQUA-1-1536x1023.jpg 1536w, https:\/\/villa-bol.hr\/wp-content\/uploads\/2021\/06\/villa-AQUA-1-16x12.jpg 16w\" sizes=\"(max-width: 1920px) 100vw, 1920px\" \/><\/p>\n<h2 dir=\"ltr\" data-placeholder=\"Translation\"><span class=\"Y2IQFc\" lang=\"hr\">Dominikanski samostan<\/span><\/h2>\n<p id=\"tw-target-text\" class=\"tw-data-text tw-text-large XcVN5d tw-ta\" dir=\"ltr\" data-placeholder=\"Translation\"><span class=\"Y2IQFc\" lang=\"hr\">Dominikanski samostan u Bolu izgra\u0111en je na poluotoku Glavica u 15. stolje\u0107u na mjestu biskupske pala\u010de (Biskupija) spomenute 1184. godine u Povaljskoj listini. Na Glavici postoje mnoge ru\u0161evine koje pokazuju ranokr\u0161\u0107ansku arhitekturu koja je supstrat ranosrednjovjekovne arhitekture (Crkva sv. Ivana i sv. Teodora). Najve\u0107u pozornost u dragocjenoj samostanskoj galeriji privla\u010de Tintorettova oltarna slika Madona s djetetom i svecima, kao i slike hrvatskog baroknog slikara Tripa Kokolje na stropu ispod kora. Oltari sa strane, u samostanskoj crkvi Gospe od Milosr\u0111a, me\u0111u najljep\u0161ima su na otoku, posebno oltar Gospe od Ru\u017earija. U samostanu postoji i muzej koji sadr\u017ei zbirku pretpovijesnih predmeta, numizmati\u010dku zbirku, zbirku podzemne arheologije, zbirku misnih odora i arhive koje sadr\u017ee inkunalbule, povelje i uredbe iz 15. stolje\u0107a. Tu je i zbirka kamenih spomenika i slika. Samostan ima i vrlo zanimljiv vrt.<\/span><\/p>\n<p dir=\"ltr\" data-placeholder=\"Translation\"><img decoding=\"async\" class=\"aligncenter wp-image-907 size-full\" src=\"https:\/\/villa-bol.hr\/wp-content\/uploads\/2021\/06\/14.jpg\" alt=\"\" width=\"1920\" height=\"1279\" title=\"\" srcset=\"https:\/\/villa-bol.hr\/wp-content\/uploads\/2021\/06\/14.jpg 1920w, https:\/\/villa-bol.hr\/wp-content\/uploads\/2021\/06\/14-300x200.jpg 300w, https:\/\/villa-bol.hr\/wp-content\/uploads\/2021\/06\/14-1024x682.jpg 1024w, https:\/\/villa-bol.hr\/wp-content\/uploads\/2021\/06\/14-768x512.jpg 768w, https:\/\/villa-bol.hr\/wp-content\/uploads\/2021\/06\/14-1536x1023.jpg 1536w, https:\/\/villa-bol.hr\/wp-content\/uploads\/2021\/06\/14-16x12.jpg 16w\" sizes=\"(max-width: 1920px) 100vw, 1920px\" \/><\/p>\n\n\t\t<\/div>\n\t\t\t\t\t<\/div>\n\n\t\n\n<\/div>","protected":false},"excerpt":{"rendered":"","protected":false},"author":1,"featured_media":0,"parent":0,"menu_order":0,"comment_status":"closed","ping_status":"closed","template":"page-transparent-header.php","meta":{"footnotes":""},"class_list":["post-895","page","type-page","status-publish","hentry"],"_links":{"self":[{"href":"https:\/\/villa-bol.hr\/en\/wp-json\/wp\/v2\/pages\/895","targetHints":{"allow":["GET"]}}],"collection":[{"href":"https:\/\/villa-bol.hr\/en\/wp-json\/wp\/v2\/pages"}],"about":[{"href":"https:\/\/villa-bol.hr\/en\/wp-json\/wp\/v2\/types\/page"}],"author":[{"embeddable":true,"href":"https:\/\/villa-bol.hr\/en\/wp-json\/wp\/v2\/users\/1"}],"replies":[{"embeddable":true,"href":"https:\/\/villa-bol.hr\/en\/wp-json\/wp\/v2\/comments?post=895"}],"version-history":[{"count":0,"href":"https:\/\/villa-bol.hr\/en\/wp-json\/wp\/v2\/pages\/895\/revisions"}],"wp:attachment":[{"href":"https:\/\/villa-bol.hr\/en\/wp-json\/wp\/v2\/media?parent=895"}],"curies":[{"name":"wp","href":"https:\/\/api.w.org\/{rel}","templated":true}]}}